{"id":2060,"date":"2025-10-21T08:40:57","date_gmt":"2025-10-21T06:40:57","guid":{"rendered":"https:\/\/maksitrans-ip.si\/datenschutzerklaerung\/"},"modified":"2025-10-21T09:09:23","modified_gmt":"2025-10-21T07:09:23","slug":"datenschutzerklaerung","status":"publish","type":"page","link":"https:\/\/maksitrans-ip.si\/de\/datenschutzerklaerung\/","title":{"rendered":"Datenschutzerkl\u00e4rung"},"content":{"rendered":"\t\t<div data-elementor-type=\"wp-page\" data-elementor-id=\"2060\" class=\"elementor elementor-2060 elementor-2004\">\n\t\t\t\t<div class=\"elementor-element elementor-element-19b8c8c e-flex e-con-boxed e-con e-parent\" data-id=\"19b8c8c\" data-element_type=\"container\" data-e-type=\"container\" data-settings=\"{&quot;background_background&quot;:&quot;classic&quot;}\">\n\t\t\t\t\t<div class=\"e-con-inner\">\n\t\t<div class=\"elementor-element elementor-element-372848a e-con-full e-flex e-con e-child\" data-id=\"372848a\" data-element_type=\"container\" data-e-type=\"container\">\n\t\t\t\t<div class=\"elementor-element elementor-element-0ccf104 elementor-widget elementor-widget-heading\" data-id=\"0ccf104\" data-element_type=\"widget\" data-e-type=\"widget\" data-widget_type=\"heading.default\">\n\t\t\t\t<div class=\"elementor-widget-container\">\n\t\t\t\t\t<h1 class=\"elementor-heading-title elementor-size-default\">Datenschutzerkl\u00e4rung<\/h1>\t\t\t\t<\/div>\n\t\t\t\t<\/div>\n\t\t\t\t<\/div>\n\t\t\t\t\t<\/div>\n\t\t\t\t<\/div>\n\t\t<div class=\"elementor-element elementor-element-fe6327d e-flex e-con-boxed e-con e-parent\" data-id=\"fe6327d\" data-element_type=\"container\" data-e-type=\"container\" data-settings=\"{&quot;background_background&quot;:&quot;classic&quot;}\">\n\t\t\t\t\t<div class=\"e-con-inner\">\n\t\t\t\t<div class=\"elementor-element elementor-element-8cf2714 elementor-widget elementor-widget-text-editor\" data-id=\"8cf2714\" data-element_type=\"widget\" data-e-type=\"widget\" data-widget_type=\"text-editor.default\">\n\t\t\t\t<div class=\"elementor-widget-container\">\n\t\t\t\t\t\t\t\t\t<p>Ihre Privatsph\u00e4re ist uns sehr wichtig. Dieses Dokument beschreibt, wie wir Ihre pers\u00f6nlichen Daten erfassen, verwenden und sch\u00fctzen, wenn Sie unsere Website und unsere Buchungsdienste nutzen. <\/p><h3>1. Datenverantwortlicher<\/h3><p>Der Verantwortliche f\u00fcr Ihre personenbezogenen Daten ist <strong>MAKSI TRANS IP d.o.o.<\/strong>, Gladomes 60, 2316 Zgornja Lo\u017enica, Steuernummer: SI55210040.<\/p><h3>2. Erhebung personenbezogener Daten<\/h3><p>Wir erheben nur jene personenbezogenen Daten, die Sie uns freiwillig \u00fcbermitteln durch:<\/p><ul><li>Kontaktformular (Name, E-Mail-Adresse, Telefonnummer, Nachricht).<\/li><\/ul><h3>3. Zweck der Verwendung personenbezogener Daten<\/h3><p>Wir verwenden Ihre personenbezogenen Daten f\u00fcr folgende Zwecke:<\/p><ul><li>Beantwortung Ihrer Fragen und Nachrichten.<\/li><li>Kommunikation bez\u00fcglich unserer Dienstleistungen oder Produkte, die mit Ihrer Nachricht in Verbindung stehen.<\/li><\/ul><h3>4. Datenspeicherung<\/h3><p>Wir speichern Ihre personenbezogenen Daten nur so lange, wie es f\u00fcr die Erf\u00fcllung der Zwecke, f\u00fcr die sie erhoben wurden, erforderlich ist, es sei denn, das Gesetz schreibt eine l\u00e4ngere Aufbewahrungsfrist vor.<\/p><p>Die Daten werden in den E-Mails unseres Unternehmens und in einem gesicherten System zur Verarbeitung von Kontaktanfragen gespeichert.<\/p><h3>5. Datenschutz<\/h3><p>Wir sch\u00fctzen Ihre personenbezogenen Daten durch geeignete technische und organisatorische Ma\u00dfnahmen, um unbefugten Zugriff, Offenlegung oder Datenverlust zu verhindern.<\/p><h3>6. Rechte der betroffenen Personen<\/h3><p>Sie haben das Recht auf:<\/p><ul><li>Zugriff auf Ihre personenbezogenen Daten.<\/li><li>Berichtigung unrichtiger Daten.<\/li><li>L\u00f6schung von Daten, sofern gesetzlich zul\u00e4ssig.<\/li><li>Einschr\u00e4nkung der Datenverarbeitung.<\/li><li>Daten\u00fcbertragbarkeit zu einem anderen Anbieter.<\/li><li>Widerspruch gegen die Datenverarbeitung.<\/li><\/ul><p>Zur Aus\u00fcbung Ihrer Rechte kontaktieren Sie uns unter: <a href=\"mailto:info@maksitrans-ip.si\">info@maksitrans-ip.si<\/a><\/p><h3>7. Cookies<\/h3><p>Unsere Website verwendet ausschlie\u00dflich notwendige Cookies, die f\u00fcr den grundlegenden Betrieb der Website erforderlich sind. Diese Cookies erm\u00f6glichen die korrekte technische Funktion der Seite und k\u00f6nnen gem\u00e4\u00df der geltenden Gesetzgebung nicht deaktiviert werden. Weitere Informationen zur Verwendung von Cookies finden Sie in der unteren linken Ecke des Bildschirms.  <\/p><h3>8. Weitergabe von Daten an Dritte<\/h3><p>Wir geben Ihre personenbezogenen Daten nicht an Dritte weiter, es sei denn, dies ist erforderlich f\u00fcr:<\/p><ul><li>Erf\u00fcllung gesetzlicher Pflichten.<\/li><\/ul><h3>9. \u00c4nderungen der Datenschutzerkl\u00e4rung<\/h3><p>Wir behalten uns das Recht vor, diese Datenschutzerkl\u00e4rung zu \u00e4ndern. \u00c4nderungen werden auf dieser Seite mit dem Datum der letzten Aktualisierung ver\u00f6ffentlicht. <\/p><h3>10. Kontakt<\/h3><p>Bei Fragen zu dieser Datenschutzerkl\u00e4rung kontaktieren Sie uns unter:<\/p><ul><li>E-Mail: <a href=\"mailto:info@maksitrans-ip.si\">info@maksitrans-ip.si<\/a><\/li><li>Telefon: +386 (0) 2 8180 805<\/li><\/ul><p><strong>Datum der letzten Aktualisierung:<\/strong> 21.10.2025<\/p>\t\t\t\t\t\t\t\t<\/div>\n\t\t\t\t<\/div>\n\t\t\t\t\t<\/div>\n\t\t\t\t<\/div>\n\t\t<div class=\"elementor-element elementor-element-c34e5ca e-flex e-con-boxed e-con e-parent\" data-id=\"c34e5ca\" data-element_type=\"container\" data-e-type=\"container\" data-settings=\"{&quot;background_background&quot;:&quot;classic&quot;}\">\n\t\t\t\t\t<div class=\"e-con-inner\">\n\t\t<div class=\"elementor-element elementor-element-710c8d0 e-con-full e-flex e-con e-child\" data-id=\"710c8d0\" data-element_type=\"container\" data-e-type=\"container\">\n\t\t\t\t<div class=\"elementor-element elementor-element-0a684df elementor-widget elementor-widget-heading\" data-id=\"0a684df\" data-element_type=\"widget\" data-e-type=\"widget\" data-widget_type=\"heading.default\">\n\t\t\t\t<div class=\"elementor-widget-container\">\n\t\t\t\t\t<h2 class=\"elementor-heading-title elementor-size-default\">Ben\u00f6tigen Sie einen Sondertransport? Kontaktieren Sie uns noch heute <\/h2>\t\t\t\t<\/div>\n\t\t\t\t<\/div>\n\t\t\t\t<\/div>\n\t\t<div class=\"elementor-element elementor-element-f3080e4 e-con-full e-flex e-con e-child\" data-id=\"f3080e4\" data-element_type=\"container\" data-e-type=\"container\" data-settings=\"{&quot;background_background&quot;:&quot;classic&quot;}\">\n\t\t\t\t<div class=\"elementor-element elementor-element-edff8f6 elementor-align-justify elementor-widget elementor-widget-button\" data-id=\"edff8f6\" data-element_type=\"widget\" data-e-type=\"widget\" data-widget_type=\"button.default\">\n\t\t\t\t<div class=\"elementor-widget-container\">\n\t\t\t\t\t\t\t\t\t<div class=\"elementor-button-wrapper\">\n\t\t\t\t\t<a class=\"elementor-button elementor-button-link elementor-size-sm\" href=\"https:\/\/maksitrans-ip.si\/de\/kontakt\">\n\t\t\t\t\t\t<span class=\"elementor-button-content-wrapper\">\n\t\t\t\t\t\t\t\t\t<span class=\"elementor-button-text\">Anfrage<\/span>\n\t\t\t\t\t<\/span>\n\t\t\t\t\t<\/a>\n\t\t\t\t<\/div>\n\t\t\t\t\t\t\t\t<\/div>\n\t\t\t\t<\/div>\n\t\t\t\t<\/div>\n\t\t\t\t\t<\/div>\n\t\t\t\t<\/div>\n\t\t\t\t<\/div>\n\t\t","protected":false},"excerpt":{"rendered":"<p>Datenschutzerkl\u00e4rung Ihre Privatsph\u00e4re ist uns sehr wichtig. Dieses Dokument beschreibt, wie wir Ihre pers\u00f6nlichen Daten erfassen, verwenden und sch\u00fctzen, wenn Sie unsere Website und unsere Buchungsdienste nutzen. 1. Datenverantwortlicher Der Verantwortliche f\u00fcr Ihre personenbezogenen Daten ist MAKSI TRANS IP d.o.o., Gladomes 60, 2316 Zgornja Lo\u017enica, Steuernummer: SI55210040. 2. Erhebung personenbezogener Daten Wir erheben nur jene [&hellip;]<\/p>\n","protected":false},"author":1,"featured_media":0,"parent":0,"menu_order":0,"comment_status":"closed","ping_status":"closed","template":"","meta":{"site-sidebar-layout":"no-sidebar","site-content-layout":"page-builder","ast-site-content-layout":"default","site-content-style":"default","site-sidebar-style":"default","ast-global-header-display":"","ast-banner-title-visibility":"","ast-main-header-display":"","ast-hfb-above-header-display":"","ast-hfb-below-header-display":"","ast-hfb-mobile-header-display":"","site-post-title":"disabled","ast-breadcrumbs-content":"disabled","ast-featured-img":"disabled","footer-sml-layout":"","ast-disable-related-posts":"","theme-transparent-header-meta":"enabled","adv-header-id-meta":"","stick-header-meta":"","header-above-stick-meta":"","header-main-stick-meta":"","header-below-stick-meta":"","astra-migrate-meta-layouts":"default","ast-page-background-enabled":"default","ast-page-background-meta":{"desktop":{"background-color":"var(--ast-global-color-4)","background-image":"","background-repeat":"repeat","background-position":"center center","background-size":"auto","background-attachment":"scroll","background-type":"","background-media":"","overlay-type":"","overlay-color":"","overlay-opacity":"","overlay-gradient":""},"tablet":{"background-color":"","background-image":"","background-repeat":"repeat","background-position":"center center","background-size":"auto","background-attachment":"scroll","background-type":"","background-media":"","overlay-type":"","overlay-color":"","overlay-opacity":"","overlay-gradient":""},"mobile":{"background-color":"","background-image":"","background-repeat":"repeat","background-position":"center center","background-size":"auto","background-attachment":"scroll","background-type":"","background-media":"","overlay-type":"","overlay-color":"","overlay-opacity":"","overlay-gradient":""}},"ast-content-background-meta":{"desktop":{"background-color":"var(--ast-global-color-5)","background-image":"","background-repeat":"repeat","background-position":"center center","background-size":"auto","background-attachment":"scroll","background-type":"","background-media":"","overlay-type":"","overlay-color":"","overlay-opacity":"","overlay-gradient":""},"tablet":{"background-color":"var(--ast-global-color-5)","background-image":"","background-repeat":"repeat","background-position":"center center","background-size":"auto","background-attachment":"scroll","background-type":"","background-media":"","overlay-type":"","overlay-color":"","overlay-opacity":"","overlay-gradient":""},"mobile":{"background-color":"var(--ast-global-color-5)","background-image":"","background-repeat":"repeat","background-position":"center center","background-size":"auto","background-attachment":"scroll","background-type":"","background-media":"","overlay-type":"","overlay-color":"","overlay-opacity":"","overlay-gradient":""}},"footnotes":""},"class_list":["post-2060","page","type-page","status-publish","hentry"],"_links":{"self":[{"href":"https:\/\/maksitrans-ip.si\/de\/wp-json\/wp\/v2\/pages\/2060","targetHints":{"allow":["GET"]}}],"collection":[{"href":"https:\/\/maksitrans-ip.si\/de\/wp-json\/wp\/v2\/pages"}],"about":[{"href":"https:\/\/maksitrans-ip.si\/de\/wp-json\/wp\/v2\/types\/page"}],"author":[{"embeddable":true,"href":"https:\/\/maksitrans-ip.si\/de\/wp-json\/wp\/v2\/users\/1"}],"replies":[{"embeddable":true,"href":"https:\/\/maksitrans-ip.si\/de\/wp-json\/wp\/v2\/comments?post=2060"}],"version-history":[{"count":1,"href":"https:\/\/maksitrans-ip.si\/de\/wp-json\/wp\/v2\/pages\/2060\/revisions"}],"predecessor-version":[{"id":2061,"href":"https:\/\/maksitrans-ip.si\/de\/wp-json\/wp\/v2\/pages\/2060\/revisions\/2061"}],"wp:attachment":[{"href":"https:\/\/maksitrans-ip.si\/de\/wp-json\/wp\/v2\/media?parent=2060"}],"curies":[{"name":"wp","href":"https:\/\/api.w.org\/{rel}","templated":true}]}}